{"id":85,"date":"2015-02-09T15:08:37","date_gmt":"2015-02-09T15:08:37","guid":{"rendered":"http:\/\/lalarebelo.brownsugarbear.com\/contato-2\/"},"modified":"2016-11-02T10:36:16","modified_gmt":"2016-11-02T15:36:16","slug":"contato","status":"publish","type":"page","link":"https:\/\/lalarebelo.com\/en\/contato\/","title":{"rendered":"Contato"},"content":{"rendered":"<p>Contato referente a:\u00a0<\/p>\n<ul>\n<li><strong>PARCERIAS<\/strong><\/li>\n<li><strong>CONTE\u00daDO<\/strong><\/li>\n<li><strong>ASSESSORIA DE IMPRENSA<\/strong><\/li>\n<li><strong>ROTEIROS PERSONALIZADOS<\/strong><\/li>\n<li><strong>PUBLICIDADE<\/strong><\/li>\n<\/ul>\n<p>Escreva para <a href=\"mailto:hello@lalarebelo.com\" target=\"_blank\"><strong>hello@lalarebelo.com<\/strong><\/a> ou <strong>preencha o formul\u00e1rio abaixo<\/strong>.\u00a0<\/p>\n<p>\/\/\/<\/p>\n<p>Para<strong> d\u00favidas e dicas extras relacionadas aos\u00a0<span style=\"text-decoration: underline;\">DESTINOS<\/span><\/strong>, por favor, escreva\u00a0no<strong> <span style=\"text-decoration: underline;\">espa\u00e7o para coment\u00e1rios que est\u00e1 no final de cada post<\/span>.<\/strong> Todas as suas perguntas ser\u00e3o respondidas o quanto antes (respondo TODAS). Perguntas espec\u00edficas sobre viagens enviadas por e-mail n\u00e3o ser\u00e3o respondidas. \u00a0<\/p>\n\n<div class=\"wpcf7 no-js\" id=\"wpcf7-f83-o1\" lang=\"pt-BR\" dir=\"ltr\" data-wpcf7-id=\"83\">\n<div class=\"screen-reader-response\"><p role=\"status\" aria-live=\"polite\" aria-atomic=\"true\"><\/p> <ul><\/ul><\/div>\n<form action=\"\/en\/wp-json\/wp\/v2\/pages\/85#wpcf7-f83-o1\" method=\"post\" class=\"wpcf7-form init\" aria-label=\"Formul\u00e1rios de contato\" novalidate=\"novalidate\" data-status=\"init\">\n<fieldset class=\"hidden-fields-container\"><input type=\"hidden\" name=\"_wpcf7\" value=\"83\" \/><input type=\"hidden\" name=\"_wpcf7_version\" value=\"6.1.4\" \/><input type=\"hidden\" name=\"_wpcf7_locale\" value=\"pt_BR\" \/><input type=\"hidden\" name=\"_wpcf7_unit_tag\" value=\"wpcf7-f83-o1\" \/><input type=\"hidden\" name=\"_wpcf7_container_post\" value=\"0\" \/><input type=\"hidden\" name=\"_wpcf7_posted_data_hash\" value=\"\" \/>\n<\/fieldset>\n<p>Seu nome (obrigat\u00f3rio)\n<\/p>\n<p><span class=\"wpcf7-form-control-wrap\" data-name=\"your-name\"><input size=\"40\" maxlength=\"400\" class=\"wpcf7-form-control wpcf7-text wpcf7-validates-as-required\" aria-required=\"true\" aria-invalid=\"false\" value=\"\" type=\"text\" name=\"your-name\" \/><\/span>\n<\/p>\n<p>Seu e-mail (obrigat\u00f3rio)\n<\/p>\n<p><span class=\"wpcf7-form-control-wrap\" data-name=\"your-email\"><input size=\"40\" maxlength=\"400\" class=\"wpcf7-form-control wpcf7-email wpcf7-validates-as-required wpcf7-text wpcf7-validates-as-email\" aria-required=\"true\" aria-invalid=\"false\" value=\"\" type=\"email\" name=\"your-email\" \/><\/span>\n<\/p>\n<p>Assunto\n<\/p>\n<p><span class=\"wpcf7-form-control-wrap\" data-name=\"your-subject\"><input size=\"40\" maxlength=\"400\" class=\"wpcf7-form-control wpcf7-text\" aria-invalid=\"false\" value=\"\" type=\"text\" name=\"your-subject\" \/><\/span>\n<\/p>\n<p>Sua mensagem\n<\/p>\n<p><span class=\"wpcf7-form-control-wrap\" data-name=\"your-message\"><textarea cols=\"40\" rows=\"10\" maxlength=\"2000\" class=\"wpcf7-form-control wpcf7-textarea\" aria-invalid=\"false\" name=\"your-message\"><\/textarea><\/span>\n<\/p>\n<p><input class=\"wpcf7-form-control wpcf7-submit has-spinner\" type=\"submit\" value=\"Enviar\" \/>\n<\/p><div class=\"wpcf7-response-output\" aria-hidden=\"true\"><\/div>\n<\/form>\n<\/div>\n\n","protected":false},"excerpt":{"rendered":"<p>Contato referente a:\u00a0 PARCERIAS CONTE\u00daDO ASSESSORIA DE IMPRENSA ROTEIROS PERSONALIZADOS PUBLICIDADE Escreva para hello@lalarebelo.com ou preencha o formul\u00e1rio abaixo.\u00a0 \/\/\/ Para d\u00favidas e dicas extras [&hellip;]<\/p>\n","protected":false},"author":2,"featured_media":0,"parent":0,"menu_order":0,"comment_status":"closed","ping_status":"open","template":"page-full-width.php","meta":{"footnotes":""},"class_list":["post-85","page","type-page","status-publish","hentry"],"_links":{"self":[{"href":"https:\/\/lalarebelo.com\/en\/wp-json\/wp\/v2\/pages\/85","targetHints":{"allow":["GET"]}}],"collection":[{"href":"https:\/\/lalarebelo.com\/en\/wp-json\/wp\/v2\/pages"}],"about":[{"href":"https:\/\/lalarebelo.com\/en\/wp-json\/wp\/v2\/types\/page"}],"author":[{"embeddable":true,"href":"https:\/\/lalarebelo.com\/en\/wp-json\/wp\/v2\/users\/2"}],"replies":[{"embeddable":true,"href":"https:\/\/lalarebelo.com\/en\/wp-json\/wp\/v2\/comments?post=85"}],"version-history":[{"count":5,"href":"https:\/\/lalarebelo.com\/en\/wp-json\/wp\/v2\/pages\/85\/revisions"}],"predecessor-version":[{"id":33032,"href":"https:\/\/lalarebelo.com\/en\/wp-json\/wp\/v2\/pages\/85\/revisions\/33032"}],"wp:attachment":[{"href":"https:\/\/lalarebelo.com\/en\/wp-json\/wp\/v2\/media?parent=85"}],"curies":[{"name":"wp","href":"https:\/\/api.w.org\/{rel}","templated":true}]}}