{"id":112,"date":"2015-02-09T15:09:40","date_gmt":"2015-02-09T15:09:40","guid":{"rendered":"http:\/\/lalarebelo.brownsugarbear.com\/anuncie-aqui-2\/"},"modified":"2017-07-31T11:39:01","modified_gmt":"2017-07-31T16:39:01","slug":"anuncie-aqui","status":"publish","type":"page","link":"https:\/\/lalarebelo.com\/en\/anuncie-aqui\/","title":{"rendered":"Anuncie"},"content":{"rendered":"<p class=\"p1\"><img loading=\"lazy\" decoding=\"async\" class=\"aligncenter wp-image-35910 size-full\" title=\"blog de viagem lala rebelo travel blog lalarebelo.com\" src=\"https:\/\/lalarebelo.com\/wp-content\/uploads\/2015\/02\/SUA-MARCA-NO-LALAREBELO.COM_.png\" alt=\"blog de viagem lala rebelo travel blog lalarebelo.com\" width=\"2480\" height=\"520\" srcset=\"https:\/\/lalarebelo.com\/wp-content\/uploads\/2015\/02\/SUA-MARCA-NO-LALAREBELO.COM_.png 2480w, https:\/\/lalarebelo.com\/wp-content\/uploads\/2015\/02\/SUA-MARCA-NO-LALAREBELO.COM_-300x63.png 300w, https:\/\/lalarebelo.com\/wp-content\/uploads\/2015\/02\/SUA-MARCA-NO-LALAREBELO.COM_-768x161.png 768w, https:\/\/lalarebelo.com\/wp-content\/uploads\/2015\/02\/SUA-MARCA-NO-LALAREBELO.COM_-1024x215.png 1024w\" sizes=\"auto, (max-width: 2480px) 100vw, 2480px\" \/><\/p>\n<p class=\"p1\">O p\u00fablico do\u00a0blog\u00a0\u00e9 principalmente jovem adulto (25-44),\u00a0viaja muito pelo Brasil e para o exterior, gosta de pesquisar sobre as pr\u00f3ximas viagens\u00a0em\u00a0blogs e redes sociais e busca por informa\u00e7\u00f5es detalhadas sobre os destinos. Mas\u00a0quer ir al\u00e9m das dicas pr\u00e1ticas. Procura por experi\u00eancias &#8220;al\u00e9m do \u00f3bvio&#8221; para complementar o\u00a0roteiro e prefere fazer viagens mais luxuosas.<\/p>\n<p class=\"p1\">Tem interesse em promover sua marca diretamente para esse p\u00fablico?<br \/>\nAlgumas informa\u00e7\u00f5es:<\/p>\n<ul>\n<li class=\"p1\">Site <a href=\"https:\/\/lalarebelo.com\" target=\"_blank\" rel=\"noopener noreferrer\">LALAREBELO.COM<\/a> com aproximadamente 340 mil acessos\/m\u00eas<br \/>\n(mais de 1.3 milh\u00f5es\u00a0de pageviews mensais).<\/li>\n<\/ul>\n<ul>\n<li class=\"p1\">Instagram <a href=\"http:\/\/www.instagram.com\/lalarebelo\" target=\"_blank\" rel=\"noopener noreferrer\">@lalarebelo<\/a> com +90 mil seguidores.<\/li>\n<\/ul>\n<ul>\n<li class=\"p1\">Facebook <a href=\"http:\/\/www.facebook.com\/lalarebelotravelblog\" target=\"_blank\" rel=\"noopener noreferrer\">\/lalarebelotravelblog<\/a> com +40 mil seguidores.<\/li>\n<\/ul>\n<ul>\n<li class=\"p1\">Blog parceiro da <a href=\"http:\/\/viagemeturismo.abril.com.br\/materias\/conheca-os-blogs-e-os-sites-parceiros-de-viagem-e-turismo\/\" target=\"_blank\" rel=\"noopener noreferrer\">Revista Viagem &amp; Turismo<\/a>, maior revista brasileira sobre o tema. Os posts do lalarebelo.com s\u00e3o compartilhados\u00a0no <a href=\"https:\/\/www.facebook.com\/viagemeturismo\" target=\"_blank\" rel=\"noopener noreferrer\">Facebook da revista<\/a>, com mais de 1.8 milh\u00f5es de seguidores.<\/li>\n<\/ul>\n<ul>\n<li class=\"p1\">O LALAREBELO.COM\u00a0aparece organicamente nas primeiras posi\u00e7\u00f5es do <strong>Google <\/strong>em v\u00e1rios termos buscados (ex: &#8220;dicas de <span style=\"text-decoration: underline;\"><em>nome do destino com post no blog<\/em><\/span>&#8220;).<\/li>\n<\/ul>\n<ul>\n<li class=\"p1\">Membro do <a href=\"https:\/\/www.instagram.com\/luxuryworldtraveler\/\" target=\"_blank\" rel=\"noopener noreferrer\">@LuxuryWorldTraveler<\/a>, Instagram com mais de 2.6 milh\u00f5es de seguidores.<\/li>\n<\/ul>\n<ul>\n<li class=\"p1\">Colunista do site <a href=\"http:\/\/www.magariblu.com\/tag\/hoteis-de-luxo-por-lala-rebelo\/\" target=\"_blank\" rel=\"noopener noreferrer\">Magari Blu &#8211; Coluna &#8220;Hot\u00e9is de luxo por Lala Rebelo&#8221;<\/a>.<\/li>\n<\/ul>\n<ul>\n<li class=\"p1\">Colunista da <a href=\"http:\/\/www.qualviagem.com.br\/author\/Lala-Rebelo\/\" target=\"_blank\" rel=\"noopener noreferrer\">Revista Qual Viagem<\/a> (impressa) e\u00a0<a href=\"http:\/\/www.qualviagem.com.br\/author\/Lala-Rebelo\/\" target=\"_blank\" rel=\"noopener noreferrer\">blog parceiro do site<\/a>, com v\u00e1rios artigos publicados.<\/li>\n<\/ul>\n<ul>\n<li class=\"p1\">Colaboradora do site <a href=\"https:\/\/catracalivre.com.br\/rede\/lalarebelo\/\" target=\"_blank\" rel=\"noopener noreferrer\">Catraca Livre \/ Viagem Livre<\/a>.<\/li>\n<\/ul>\n<ul>\n<li class=\"p1\">Colaboradora do portal da <a href=\"http:\/\/www.revistahotelnews.com.br\/portal\/noticias.php?valor=lala%20rebelo\" target=\"_blank\" rel=\"noopener noreferrer\">Revista Hotelnews<\/a>.<\/li>\n<\/ul>\n<ul>\n<li class=\"p1\">Colunista do site especializado em hotelaria <a href=\"http:\/\/www.hotelnewstraveller.com.br\/author\/lala-rebelo\/\" target=\"_blank\" rel=\"noopener noreferrer\">Hotelnews Traveller<\/a>.<\/li>\n<\/ul>\n<ul>\n<li class=\"p1\">Blog membro da <a href=\"http:\/\/rbbv.com.br\/\" target=\"_blank\" rel=\"noopener noreferrer\">RBBV<\/a> (Rede Brasileira de Blogueiros de Viagem).<\/li>\n<\/ul>\n<ul>\n<li class=\"p1\">Os posts do Instagram @lalarebelo s\u00e3o constantemente repostados por outras contas influentes, com milh\u00f5es de seguidores, como <a href=\"https:\/\/www.instagram.com\/p\/BP0bt1HAiw9\/?taken-by=beaches_n_resorts\" target=\"_blank\" rel=\"noopener noreferrer\">@beaches_n_resorts<\/a>, <a href=\"https:\/\/www.instagram.com\/p\/BO4BKjTgK49\/?taken-by=beautifulhotels\" target=\"_blank\" rel=\"noopener noreferrer\">@beautifulhotels<\/a> e\u00a0<a href=\"https:\/\/www.instagram.com\/p\/BO7tp6Nhy9t\/?taken-by=luxuryworldtraveler\" target=\"_blank\" rel=\"noopener noreferrer\">@luxuryworldtraveler<\/a>, e por contas de marcas globais l\u00edderes no segmento de viagens, como\u00a0<a href=\"https:\/\/www.instagram.com\/p\/54Jk5zpnda\/?taken-by=travelandleisure\" target=\"_blank\" rel=\"noopener noreferrer\">Travel+Leisure<\/a> e <a href=\"https:\/\/www.instagram.com\/p\/79b_SMRwa8\/?taken-by=bbc_travel\" target=\"_blank\" rel=\"noopener noreferrer\">BBC Travel<\/a>.<\/li>\n<\/ul>\n<ul>\n<li class=\"p1\">Lala Rebelo j\u00e1 foi mencionada em\u00a0mais de 200 mat\u00e9rias e artigos de diversos ve\u00edculos de comunica\u00e7\u00e3o (nacionais e estrangeiros).\u00a0Revistas, jornais, sites influentes, r\u00e1dios e programas de TV, como: <a href=\"http:\/\/gshow.globo.com\/TV-Centro-America\/E-Bem-MT\/noticia\/2016\/04\/blogueira-lala-rebelo-da-dicas-de-passeios-pela-regiao-de-mato-grosso.html\" target=\"_blank\" rel=\"noopener noreferrer\">Globo (TVCA)<\/a>,\u00a0<a href=\"http:\/\/epocanegocios.globo.com\/Vida\/noticia\/2015\/11\/brasileira-roda-o-mundo-e-faz-de-suas-viagens-um-negocio.html\" target=\"_blank\" rel=\"noopener noreferrer\">\u00c9poca Neg\u00f3cios<\/a>, <a href=\"http:\/\/exame.abril.com.br\/estilo-de-vida\/4-destinos-fantasticos-para-viajar-neste-fim-do-ano\/\" target=\"_blank\" rel=\"noopener noreferrer\">EXAME<\/a>, <a href=\"https:\/\/viagem.uol.com.br\/noticias\/2017\/01\/27\/nao-planejou-o-carnaval-viajantes-ensinam-a-organizar-tudo-na-ultima-hora.htm\" target=\"_blank\" rel=\"noopener noreferrer\">UOL<\/a>,\u00a0<a href=\"https:\/\/viagem.catracalivre.com.br\/geral\/mundo-viagem\/indicacao\/jovem-viaja-pelo-mundo-e-cria-blog-para-descrever-sua-experiencia\/\" target=\"_blank\" rel=\"noopener noreferrer\">Catraca Livre<\/a>\u00a0e <a href=\"https:\/\/youtu.be\/WSSr1w6DzwU\" target=\"_blank\" rel=\"noopener noreferrer\">R\u00e1dio Transam\u00e9rica SP<\/a>. Veja <strong><a href=\"https:\/\/lalarebelo.com\/en\/press\/\" target=\"_blank\" rel=\"noopener noreferrer\">aqui<\/a> <\/strong>tudo o que j\u00e1 saiu na m\u00eddia sobre o blog.<\/li>\n<\/ul>\n<ul>\n<li class=\"p1\"><a href=\"https:\/\/www.youtube.com\/watch?v=rPPBSHHmGUQ\" target=\"_blank\" rel=\"noopener noreferrer\">Palestrante do F\u00f3rum PANROTAS 2017<\/a> &#8211; um dos eventos mais relevantes da ind\u00fastria de viagens brasileira.<\/li>\n<\/ul>\n<p class=\"p1\">Entre em contato por email [<a href=\"mailto:hello@lalarebelo.com\" target=\"_blank\" rel=\"noopener noreferrer\">hello@lalarebelo.com<\/a>] e solicite o <strong>M\u00cdDIA KIT<\/strong> com mais detalhes.\u00a0Trabalhamos com diversos formatos de publicidade e parcerias.<\/p>\n","protected":false},"excerpt":{"rendered":"<p>O p\u00fablico do\u00a0blog\u00a0\u00e9 principalmente jovem adulto (25-44),\u00a0viaja muito pelo Brasil e para o exterior, gosta de pesquisar sobre as pr\u00f3ximas viagens\u00a0em\u00a0blogs e redes sociais e [&hellip;]<\/p>\n","protected":false},"author":2,"featured_media":0,"parent":0,"menu_order":0,"comment_status":"closed","ping_status":"open","template":"","meta":{"footnotes":""},"class_list":["post-112","page","type-page","status-publish","hentry"],"_links":{"self":[{"href":"https:\/\/lalarebelo.com\/en\/wp-json\/wp\/v2\/pages\/112","targetHints":{"allow":["GET"]}}],"collection":[{"href":"https:\/\/lalarebelo.com\/en\/wp-json\/wp\/v2\/pages"}],"about":[{"href":"https:\/\/lalarebelo.com\/en\/wp-json\/wp\/v2\/types\/page"}],"author":[{"embeddable":true,"href":"https:\/\/lalarebelo.com\/en\/wp-json\/wp\/v2\/users\/2"}],"replies":[{"embeddable":true,"href":"https:\/\/lalarebelo.com\/en\/wp-json\/wp\/v2\/comments?post=112"}],"version-history":[{"count":20,"href":"https:\/\/lalarebelo.com\/en\/wp-json\/wp\/v2\/pages\/112\/revisions"}],"predecessor-version":[{"id":38194,"href":"https:\/\/lalarebelo.com\/en\/wp-json\/wp\/v2\/pages\/112\/revisions\/38194"}],"wp:attachment":[{"href":"https:\/\/lalarebelo.com\/en\/wp-json\/wp\/v2\/media?parent=112"}],"curies":[{"name":"wp","href":"https:\/\/api.w.org\/{rel}","templated":true}]}}